{"id":4655,"date":"2016-08-11T11:55:41","date_gmt":"2016-08-11T09:55:41","guid":{"rendered":"https:\/\/montecarloliving.com\/home\/"},"modified":"2026-03-24T12:57:49","modified_gmt":"2026-03-24T11:57:49","slug":"home","status":"publish","type":"page","link":"https:\/\/montecarloliving.com\/fr\/","title":{"rendered":"Home"},"content":{"rendered":"<p data-start=\"187\" data-end=\"454\">Monte Carlo Living est un m\u00e9dia en ligne d\u00e9di\u00e9 \u00e0 la Principaut\u00e9 de Monaco et \u00e0 la C\u00f4te d\u2019Azur. Chaque jour, il publie les derni\u00e8res actualit\u00e9s et analyses sur l\u2019actualit\u00e9, les affaires, le tourisme, l\u2019immobilier, la gastronomie, la mode, les \u00e9v\u00e9nements et le sport.<\/p>\n<p data-start=\"456\" data-end=\"599\">Il constitue une r\u00e9f\u00e9rence pour tous ceux qui souhaitent rester inform\u00e9s des nouveaut\u00e9s, tendances et informations de Monaco et de sa r\u00e9gion.<\/p>\n<p data-start=\"601\" data-end=\"904\">Monte-Carlo est une destination de renomm\u00e9e internationale, attirant des visiteurs du monde entier, notamment de Russie, du Japon, d\u2019Allemagne, des \u00c9tats-Unis et des pays du Moyen-Orient. Monaco offre une large vari\u00e9t\u00e9 d\u2019attractions, du sport \u00e0 la culture, en passant par des \u00e9v\u00e9nements embl\u00e9matiques.<\/p>\n<p data-start=\"906\" data-end=\"1078\">La Principaut\u00e9 de Monaco propose \u00e9galement aux investisseurs et aux entrepreneurs un cadre de vie exceptionnel et s\u00e9curis\u00e9, soutenu par un environnement fiscal attractif.<\/p>\n","protected":false},"excerpt":{"rendered":"<p>Monte Carlo Living est un m\u00e9dia en ligne d\u00e9di\u00e9 \u00e0 la Principaut\u00e9 de Monaco et \u00e0 la C\u00f4te d\u2019Azur. Chaque jour, il publie les derni\u00e8res actualit\u00e9s et analyses sur l\u2019actualit\u00e9, les affaires, le tourisme, l\u2019immobilier, la gastronomie, la mode, les \u00e9v\u00e9nements et le sport. [&hellip;]<\/p>\n","protected":false},"author":1,"featured_media":0,"parent":0,"menu_order":0,"comment_status":"closed","ping_status":"closed","template":"template-home.php","meta":{"footnotes":""},"class_list":["post-4655","page","type-page","status-publish","hentry"],"yoast_head":"<!-- This site is optimized with the Yoast SEO plugin v27.3 - https:\/\/yoast.com\/product\/yoast-seo-wordpress\/ -->\n<title>Monte Carlo Living \u2013 Actualit\u00e9s et \u00e9v\u00e9nements \u00e0 Monaco et C\u00f4te d\u2019Azur<\/title>\n<meta name=\"description\" content=\"Actualit\u00e9s Monaco, \u00e9v\u00e9nements et lifestyle sur la C\u00f4te d\u2019Azur : Monte Carlo Living vous informe chaque jour sur le tourisme, l\u2019immobilier et le business en Principaut\u00e9 de Monaco.\" \/>\n<meta name=\"robots\" content=\"index, follow, max-snippet:-1, max-image-preview:large, max-video-preview:-1\" \/>\n<link rel=\"canonical\" href=\"https:\/\/montecarloliving.com\/fr\/\" \/>\n<meta property=\"og:locale\" content=\"fr_FR\" \/>\n<meta property=\"og:title\" content=\"Monte Carlo Living \u2013 Actualit\u00e9s et \u00e9v\u00e9nements \u00e0 Monaco et C\u00f4te d\u2019Azur\" \/>\n<meta property=\"og:description\" content=\"Actualit\u00e9s Monaco, \u00e9v\u00e9nements et lifestyle sur la C\u00f4te d\u2019Azur : Monte Carlo Living vous informe chaque jour sur le tourisme, l\u2019immobilier et le business en Principaut\u00e9 de Monaco.\" \/>\n<meta property=\"og:url\" content=\"https:\/\/montecarloliving.com\/fr\/\" \/>\n<meta property=\"og:site_name\" content=\"Montecarlo Living\" \/>\n<meta property=\"article:publisher\" content=\"https:\/\/www.facebook.com\/montecarlolivingcom\/\" \/>\n<meta property=\"article:modified_time\" content=\"2026-03-24T11:57:49+00:00\" \/>\n<meta property=\"og:image\" content=\"https:\/\/montecarloliving.com\/wp-content\/uploads\/2016\/11\/facebook-post-new-650x400.png\" \/>\n\t<meta property=\"og:image:width\" content=\"650\" \/>\n\t<meta property=\"og:image:height\" content=\"400\" \/>\n\t<meta property=\"og:image:type\" content=\"image\/png\" \/>\n<meta name=\"twitter:card\" content=\"summary_large_image\" \/>\n<meta name=\"twitter:site\" content=\"@MonteCarloLivi\" \/>\n<meta name=\"twitter:label1\" content=\"Dur\u00e9e de lecture estim\u00e9e\" \/>\n\t<meta name=\"twitter:data1\" content=\"1 minute\" \/>\n<script type=\"application\/ld+json\" class=\"yoast-schema-graph\">{\"@context\":\"https:\\\/\\\/schema.org\",\"@graph\":[{\"@type\":\"WebPage\",\"@id\":\"https:\\\/\\\/montecarloliving.com\\\/fr\\\/\",\"url\":\"https:\\\/\\\/montecarloliving.com\\\/fr\\\/\",\"name\":\"Monte Carlo Living \u2013 Actualit\u00e9s et \u00e9v\u00e9nements \u00e0 Monaco et C\u00f4te d\u2019Azur\",\"isPartOf\":{\"@id\":\"https:\\\/\\\/montecarloliving.com\\\/fr\\\/#website\"},\"datePublished\":\"2016-08-11T09:55:41+00:00\",\"dateModified\":\"2026-03-24T11:57:49+00:00\",\"description\":\"Actualit\u00e9s Monaco, \u00e9v\u00e9nements et lifestyle sur la C\u00f4te d\u2019Azur : Monte Carlo Living vous informe chaque jour sur le tourisme, l\u2019immobilier et le business en Principaut\u00e9 de Monaco.\",\"breadcrumb\":{\"@id\":\"https:\\\/\\\/montecarloliving.com\\\/fr\\\/#breadcrumb\"},\"inLanguage\":\"fr-FR\",\"potentialAction\":[{\"@type\":\"ReadAction\",\"target\":[\"https:\\\/\\\/montecarloliving.com\\\/fr\\\/\"]}]},{\"@type\":\"BreadcrumbList\",\"@id\":\"https:\\\/\\\/montecarloliving.com\\\/fr\\\/#breadcrumb\",\"itemListElement\":[{\"@type\":\"ListItem\",\"position\":1,\"name\":\"Home\",\"item\":\"https:\\\/\\\/montecarloliving.com\\\/fr\\\/\"},{\"@type\":\"ListItem\",\"position\":2,\"name\":\"Home\"}]},{\"@type\":\"WebSite\",\"@id\":\"https:\\\/\\\/montecarloliving.com\\\/fr\\\/#website\",\"url\":\"https:\\\/\\\/montecarloliving.com\\\/fr\\\/\",\"name\":\"Montecarlo Living\",\"description\":\"News da Montecarlo - Principato di Monaco e Costa Azzurra\",\"potentialAction\":[{\"@type\":\"SearchAction\",\"target\":{\"@type\":\"EntryPoint\",\"urlTemplate\":\"https:\\\/\\\/montecarloliving.com\\\/fr\\\/?s={search_term_string}\"},\"query-input\":{\"@type\":\"PropertyValueSpecification\",\"valueRequired\":true,\"valueName\":\"search_term_string\"}}],\"inLanguage\":\"fr-FR\"}]}<\/script>\n<!-- \/ Yoast SEO plugin. -->","yoast_head_json":{"title":"Monte Carlo Living \u2013 Actualit\u00e9s et \u00e9v\u00e9nements \u00e0 Monaco et C\u00f4te d\u2019Azur","description":"Actualit\u00e9s Monaco, \u00e9v\u00e9nements et lifestyle sur la C\u00f4te d\u2019Azur : Monte Carlo Living vous informe chaque jour sur le tourisme, l\u2019immobilier et le business en Principaut\u00e9 de Monaco.","robots":{"index":"index","follow":"follow","max-snippet":"max-snippet:-1","max-image-preview":"max-image-preview:large","max-video-preview":"max-video-preview:-1"},"canonical":"https:\/\/montecarloliving.com\/fr\/","og_locale":"fr_FR","og_title":"Monte Carlo Living \u2013 Actualit\u00e9s et \u00e9v\u00e9nements \u00e0 Monaco et C\u00f4te d\u2019Azur","og_description":"Actualit\u00e9s Monaco, \u00e9v\u00e9nements et lifestyle sur la C\u00f4te d\u2019Azur : Monte Carlo Living vous informe chaque jour sur le tourisme, l\u2019immobilier et le business en Principaut\u00e9 de Monaco.","og_url":"https:\/\/montecarloliving.com\/fr\/","og_site_name":"Montecarlo Living","article_publisher":"https:\/\/www.facebook.com\/montecarlolivingcom\/","article_modified_time":"2026-03-24T11:57:49+00:00","og_image":[{"width":650,"height":400,"url":"https:\/\/montecarloliving.com\/wp-content\/uploads\/2016\/11\/facebook-post-new-650x400.png","type":"image\/png"}],"twitter_card":"summary_large_image","twitter_site":"@MonteCarloLivi","twitter_misc":{"Dur\u00e9e de lecture estim\u00e9e":"1 minute"},"schema":{"@context":"https:\/\/schema.org","@graph":[{"@type":"WebPage","@id":"https:\/\/montecarloliving.com\/fr\/","url":"https:\/\/montecarloliving.com\/fr\/","name":"Monte Carlo Living \u2013 Actualit\u00e9s et \u00e9v\u00e9nements \u00e0 Monaco et C\u00f4te d\u2019Azur","isPartOf":{"@id":"https:\/\/montecarloliving.com\/fr\/#website"},"datePublished":"2016-08-11T09:55:41+00:00","dateModified":"2026-03-24T11:57:49+00:00","description":"Actualit\u00e9s Monaco, \u00e9v\u00e9nements et lifestyle sur la C\u00f4te d\u2019Azur : Monte Carlo Living vous informe chaque jour sur le tourisme, l\u2019immobilier et le business en Principaut\u00e9 de Monaco.","breadcrumb":{"@id":"https:\/\/montecarloliving.com\/fr\/#breadcrumb"},"inLanguage":"fr-FR","potentialAction":[{"@type":"ReadAction","target":["https:\/\/montecarloliving.com\/fr\/"]}]},{"@type":"BreadcrumbList","@id":"https:\/\/montecarloliving.com\/fr\/#breadcrumb","itemListElement":[{"@type":"ListItem","position":1,"name":"Home","item":"https:\/\/montecarloliving.com\/fr\/"},{"@type":"ListItem","position":2,"name":"Home"}]},{"@type":"WebSite","@id":"https:\/\/montecarloliving.com\/fr\/#website","url":"https:\/\/montecarloliving.com\/fr\/","name":"Montecarlo Living","description":"News da Montecarlo - Principato di Monaco e Costa Azzurra","potentialAction":[{"@type":"SearchAction","target":{"@type":"EntryPoint","urlTemplate":"https:\/\/montecarloliving.com\/fr\/?s={search_term_string}"},"query-input":{"@type":"PropertyValueSpecification","valueRequired":true,"valueName":"search_term_string"}}],"inLanguage":"fr-FR"}]}},"_links":{"self":[{"href":"https:\/\/montecarloliving.com\/fr\/wp-json\/wp\/v2\/pages\/4655","targetHints":{"allow":["GET"]}}],"collection":[{"href":"https:\/\/montecarloliving.com\/fr\/wp-json\/wp\/v2\/pages"}],"about":[{"href":"https:\/\/montecarloliving.com\/fr\/wp-json\/wp\/v2\/types\/page"}],"author":[{"embeddable":true,"href":"https:\/\/montecarloliving.com\/fr\/wp-json\/wp\/v2\/users\/1"}],"replies":[{"embeddable":true,"href":"https:\/\/montecarloliving.com\/fr\/wp-json\/wp\/v2\/comments?post=4655"}],"version-history":[{"count":3,"href":"https:\/\/montecarloliving.com\/fr\/wp-json\/wp\/v2\/pages\/4655\/revisions"}],"predecessor-version":[{"id":29516,"href":"https:\/\/montecarloliving.com\/fr\/wp-json\/wp\/v2\/pages\/4655\/revisions\/29516"}],"wp:attachment":[{"href":"https:\/\/montecarloliving.com\/fr\/wp-json\/wp\/v2\/media?parent=4655"}],"curies":[{"name":"wp","href":"https:\/\/api.w.org\/{rel}","templated":true}]}}