{"id":4653,"date":"2016-09-15T21:24:59","date_gmt":"2016-09-15T19:24:59","guid":{"rendered":"https:\/\/montecarloliving.com\/contatti\/"},"modified":"2023-10-02T15:23:29","modified_gmt":"2023-10-02T13:23:29","slug":"contacts","status":"publish","type":"page","link":"https:\/\/montecarloliving.com\/fr\/contacts\/","title":{"rendered":"Contacts"},"content":{"rendered":"<p style=\"text-align: center;\">Pour relayer l&rsquo;actualit\u00e9 et communiquer avec les journalistes de MonteCarlo Living.com, \u00e9crivez \u00e0:<\/p>\n","protected":false},"excerpt":{"rendered":"<p>Pour relayer l&rsquo;actualit\u00e9 et communiquer avec les journalistes de MonteCarlo Living.com, \u00e9crivez \u00e0:<\/p>\n","protected":false},"author":1,"featured_media":0,"parent":0,"menu_order":0,"comment_status":"closed","ping_status":"closed","template":"template-contact.php","meta":{"footnotes":""},"class_list":["post-4653","page","type-page","status-publish","hentry"],"yoast_head":"<!-- This site is optimized with the Yoast SEO plugin v27.3 - https:\/\/yoast.com\/product\/yoast-seo-wordpress\/ -->\n<title>Contacts<\/title>\n<meta name=\"description\" content=\"Pour relayer l&#039;actualit\u00e9 et communiquer avec les journalistes de MonteCarlo Living.com, \u00e9crivez \u00e0:\" \/>\n<meta name=\"robots\" content=\"index, follow, max-snippet:-1, max-image-preview:large, max-video-preview:-1\" \/>\n<link rel=\"canonical\" href=\"https:\/\/montecarloliving.com\/fr\/contacts\/\" \/>\n<meta property=\"og:locale\" content=\"fr_FR\" \/>\n<meta property=\"og:title\" content=\"Contacts\" \/>\n<meta property=\"og:description\" content=\"Pour relayer l&#039;actualit\u00e9 et communiquer avec les journalistes de MonteCarlo Living.com, \u00e9crivez \u00e0:\" \/>\n<meta property=\"og:url\" content=\"https:\/\/montecarloliving.com\/fr\/contacts\/\" \/>\n<meta property=\"og:site_name\" content=\"Montecarlo Living\" \/>\n<meta property=\"article:publisher\" content=\"https:\/\/www.facebook.com\/montecarlolivingcom\/\" \/>\n<meta property=\"article:modified_time\" content=\"2023-10-02T13:23:29+00:00\" \/>\n<meta property=\"og:image\" content=\"https:\/\/montecarloliving.com\/wp-content\/uploads\/2016\/11\/facebook-post-new-650x400.png\" \/>\n\t<meta property=\"og:image:width\" content=\"650\" \/>\n\t<meta property=\"og:image:height\" content=\"400\" \/>\n\t<meta property=\"og:image:type\" content=\"image\/png\" \/>\n<meta name=\"twitter:card\" content=\"summary_large_image\" \/>\n<meta name=\"twitter:site\" content=\"@MonteCarloLivi\" \/>\n<meta name=\"twitter:label1\" content=\"Dur\u00e9e de lecture estim\u00e9e\" \/>\n\t<meta name=\"twitter:data1\" content=\"1 minute\" \/>\n<script type=\"application\/ld+json\" class=\"yoast-schema-graph\">{\"@context\":\"https:\\\/\\\/schema.org\",\"@graph\":[{\"@type\":\"WebPage\",\"@id\":\"https:\\\/\\\/montecarloliving.com\\\/fr\\\/contacts\\\/\",\"url\":\"https:\\\/\\\/montecarloliving.com\\\/fr\\\/contacts\\\/\",\"name\":\"Contacts\",\"isPartOf\":{\"@id\":\"https:\\\/\\\/montecarloliving.com\\\/fr\\\/#website\"},\"datePublished\":\"2016-09-15T19:24:59+00:00\",\"dateModified\":\"2023-10-02T13:23:29+00:00\",\"description\":\"Pour relayer l'actualit\u00e9 et communiquer avec les journalistes de MonteCarlo Living.com, \u00e9crivez \u00e0:\",\"breadcrumb\":{\"@id\":\"https:\\\/\\\/montecarloliving.com\\\/fr\\\/contacts\\\/#breadcrumb\"},\"inLanguage\":\"fr-FR\",\"potentialAction\":[{\"@type\":\"ReadAction\",\"target\":[\"https:\\\/\\\/montecarloliving.com\\\/fr\\\/contacts\\\/\"]}]},{\"@type\":\"BreadcrumbList\",\"@id\":\"https:\\\/\\\/montecarloliving.com\\\/fr\\\/contacts\\\/#breadcrumb\",\"itemListElement\":[{\"@type\":\"ListItem\",\"position\":1,\"name\":\"Home\",\"item\":\"https:\\\/\\\/montecarloliving.com\\\/fr\\\/\"},{\"@type\":\"ListItem\",\"position\":2,\"name\":\"Contacts\"}]},{\"@type\":\"WebSite\",\"@id\":\"https:\\\/\\\/montecarloliving.com\\\/fr\\\/#website\",\"url\":\"https:\\\/\\\/montecarloliving.com\\\/fr\\\/\",\"name\":\"Montecarlo Living\",\"description\":\"News da Montecarlo - Principato di Monaco e Costa Azzurra\",\"potentialAction\":[{\"@type\":\"SearchAction\",\"target\":{\"@type\":\"EntryPoint\",\"urlTemplate\":\"https:\\\/\\\/montecarloliving.com\\\/fr\\\/?s={search_term_string}\"},\"query-input\":{\"@type\":\"PropertyValueSpecification\",\"valueRequired\":true,\"valueName\":\"search_term_string\"}}],\"inLanguage\":\"fr-FR\"}]}<\/script>\n<!-- \/ Yoast SEO plugin. -->","yoast_head_json":{"title":"Contacts","description":"Pour relayer l'actualit\u00e9 et communiquer avec les journalistes de MonteCarlo Living.com, \u00e9crivez \u00e0:","robots":{"index":"index","follow":"follow","max-snippet":"max-snippet:-1","max-image-preview":"max-image-preview:large","max-video-preview":"max-video-preview:-1"},"canonical":"https:\/\/montecarloliving.com\/fr\/contacts\/","og_locale":"fr_FR","og_title":"Contacts","og_description":"Pour relayer l'actualit\u00e9 et communiquer avec les journalistes de MonteCarlo Living.com, \u00e9crivez \u00e0:","og_url":"https:\/\/montecarloliving.com\/fr\/contacts\/","og_site_name":"Montecarlo Living","article_publisher":"https:\/\/www.facebook.com\/montecarlolivingcom\/","article_modified_time":"2023-10-02T13:23:29+00:00","og_image":[{"width":650,"height":400,"url":"https:\/\/montecarloliving.com\/wp-content\/uploads\/2016\/11\/facebook-post-new-650x400.png","type":"image\/png"}],"twitter_card":"summary_large_image","twitter_site":"@MonteCarloLivi","twitter_misc":{"Dur\u00e9e de lecture estim\u00e9e":"1 minute"},"schema":{"@context":"https:\/\/schema.org","@graph":[{"@type":"WebPage","@id":"https:\/\/montecarloliving.com\/fr\/contacts\/","url":"https:\/\/montecarloliving.com\/fr\/contacts\/","name":"Contacts","isPartOf":{"@id":"https:\/\/montecarloliving.com\/fr\/#website"},"datePublished":"2016-09-15T19:24:59+00:00","dateModified":"2023-10-02T13:23:29+00:00","description":"Pour relayer l'actualit\u00e9 et communiquer avec les journalistes de MonteCarlo Living.com, \u00e9crivez \u00e0:","breadcrumb":{"@id":"https:\/\/montecarloliving.com\/fr\/contacts\/#breadcrumb"},"inLanguage":"fr-FR","potentialAction":[{"@type":"ReadAction","target":["https:\/\/montecarloliving.com\/fr\/contacts\/"]}]},{"@type":"BreadcrumbList","@id":"https:\/\/montecarloliving.com\/fr\/contacts\/#breadcrumb","itemListElement":[{"@type":"ListItem","position":1,"name":"Home","item":"https:\/\/montecarloliving.com\/fr\/"},{"@type":"ListItem","position":2,"name":"Contacts"}]},{"@type":"WebSite","@id":"https:\/\/montecarloliving.com\/fr\/#website","url":"https:\/\/montecarloliving.com\/fr\/","name":"Montecarlo Living","description":"News da Montecarlo - Principato di Monaco e Costa Azzurra","potentialAction":[{"@type":"SearchAction","target":{"@type":"EntryPoint","urlTemplate":"https:\/\/montecarloliving.com\/fr\/?s={search_term_string}"},"query-input":{"@type":"PropertyValueSpecification","valueRequired":true,"valueName":"search_term_string"}}],"inLanguage":"fr-FR"}]}},"_links":{"self":[{"href":"https:\/\/montecarloliving.com\/fr\/wp-json\/wp\/v2\/pages\/4653","targetHints":{"allow":["GET"]}}],"collection":[{"href":"https:\/\/montecarloliving.com\/fr\/wp-json\/wp\/v2\/pages"}],"about":[{"href":"https:\/\/montecarloliving.com\/fr\/wp-json\/wp\/v2\/types\/page"}],"author":[{"embeddable":true,"href":"https:\/\/montecarloliving.com\/fr\/wp-json\/wp\/v2\/users\/1"}],"replies":[{"embeddable":true,"href":"https:\/\/montecarloliving.com\/fr\/wp-json\/wp\/v2\/comments?post=4653"}],"version-history":[{"count":3,"href":"https:\/\/montecarloliving.com\/fr\/wp-json\/wp\/v2\/pages\/4653\/revisions"}],"predecessor-version":[{"id":4661,"href":"https:\/\/montecarloliving.com\/fr\/wp-json\/wp\/v2\/pages\/4653\/revisions\/4661"}],"wp:attachment":[{"href":"https:\/\/montecarloliving.com\/fr\/wp-json\/wp\/v2\/media?parent=4653"}],"curies":[{"name":"wp","href":"https:\/\/api.w.org\/{rel}","templated":true}]}}