{"id":4652,"date":"2016-09-15T20:57:12","date_gmt":"2016-09-15T18:57:12","guid":{"rendered":"https:\/\/montecarloliving.com\/about\/"},"modified":"2024-01-31T17:22:47","modified_gmt":"2024-01-31T16:22:47","slug":"nous-sommes","status":"publish","type":"page","link":"https:\/\/montecarloliving.com\/fr\/nous-sommes\/","title":{"rendered":"Qui Nous Sommes"},"content":{"rendered":"<p class=\"margin-60\"><img loading=\"lazy\" decoding=\"async\" class=\"size-full wp-image-105 aligncenter\" src=\"http:\/\/montecarloliving.com\/wp-content\/uploads\/2016\/09\/logo-montecarloliving.jpg\" alt=\"logo-montecarloliving\" width=\"302\" height=\"79\" \/><\/p>\n<p><strong>Monte Carlo Living informe chaque jour ses utilisateurs de ce qui se passe \u00e0 Monaco et sur toute la C\u00f4te d&rsquo;Azur<\/strong>, avec simplicit\u00e9 et imm\u00e9diatet\u00e9. Nous racontons les r\u00e9alit\u00e9s du territoire, les \u00e9v\u00e9nements, depuis ceux connus dans le monde entier jusqu&rsquo;aux moins connus, les \u00e9v\u00e9nements culturels, les traditions gastronomiques et culinaires, les horizons stimulants pour faire ou cr\u00e9er des affaires. Sans n\u00e9gliger le monde de l&rsquo;immobilier, les \u00e9v\u00e9nements sportifs ou les initiatives en faveur de la protection de l&rsquo;environnement.<\/p>\n<p>Il y aura \u00e9galement beaucoup d&rsquo;espace pour les entreprises italiennes et fran\u00e7aises qui souhaitent se rapprocher du march\u00e9 mon\u00e9gasque, gr\u00e2ce \u00e0 des solutions int\u00e9gr\u00e9es de communication, web et sociales.<\/p>\n<p>\u00c0 travers des vid\u00e9os, nous racontons les histoires d&rsquo;entreprises et de ceux qui ont cr\u00e9\u00e9 des entreprises dans la r\u00e9gion.<\/p>\n<p><strong>Monte Carlo Living<\/strong> est un journal enregistr\u00e9 aupr\u00e8s de la Cour sous le num\u00e9ro. 623 du Registre de Presse. Directeur responsable: Matteo Forcherio.<\/p>\n<p style=\"text-align: center;\">\u00c8diteur:<br \/>\nMFstudios Srl<br \/>\nP.iva 02679540068<\/p>\n<p style=\"text-align: center;\">Pour les informations commerciales :<br \/>\n<a href=\"mailto:commerciale@medialpubblicita.it\">commerciale@medialpubblicita.it<\/a><br \/>\nSite Web: <a href=\"http:\/\/www.medialpubblicita.it\" target=\"_blank\" rel=\"noopener\">www.medialpubblicita.it<\/a><\/p>\n","protected":false},"excerpt":{"rendered":"<p>Monte Carlo Living informe chaque jour ses utilisateurs de ce qui se passe \u00e0 Monaco et sur toute la C\u00f4te d&rsquo;Azur, avec simplicit\u00e9 et imm\u00e9diatet\u00e9. Nous racontons les r\u00e9alit\u00e9s du territoire, les \u00e9v\u00e9nements, depuis ceux connus dans le monde entier jusqu&rsquo;aux moins connus, les [&hellip;]<\/p>\n","protected":false},"author":1,"featured_media":0,"parent":0,"menu_order":0,"comment_status":"closed","ping_status":"closed","template":"template-about.php","meta":{"footnotes":""},"class_list":["post-4652","page","type-page","status-publish","hentry"],"yoast_head":"<!-- This site is optimized with the Yoast SEO plugin v27.4 - https:\/\/yoast.com\/product\/yoast-seo-wordpress\/ -->\n<title>Qui Nous Sommes<\/title>\n<meta name=\"description\" content=\"Monte Carlo Living informe chaque jour ses utilisateurs de ce qui se passe \u00e0 Monaco et sur toute la C\u00f4te d&#039;Azur, avec simplicit\u00e9 et imm\u00e9diatet\u00e9. Nous\" \/>\n<meta name=\"robots\" content=\"index, follow, max-snippet:-1, max-image-preview:large, max-video-preview:-1\" \/>\n<link rel=\"canonical\" href=\"https:\/\/montecarloliving.com\/fr\/nous-sommes\/\" \/>\n<meta property=\"og:locale\" content=\"fr_FR\" \/>\n<meta property=\"og:title\" content=\"Qui Nous Sommes\" \/>\n<meta property=\"og:description\" content=\"Monte Carlo Living informe chaque jour ses utilisateurs de ce qui se passe \u00e0 Monaco et sur toute la C\u00f4te d&#039;Azur, avec simplicit\u00e9 et imm\u00e9diatet\u00e9. Nous\" \/>\n<meta property=\"og:url\" content=\"https:\/\/montecarloliving.com\/fr\/nous-sommes\/\" \/>\n<meta property=\"og:site_name\" content=\"Montecarlo Living\" \/>\n<meta property=\"article:publisher\" content=\"https:\/\/www.facebook.com\/montecarlolivingcom\/\" \/>\n<meta property=\"article:modified_time\" content=\"2024-01-31T16:22:47+00:00\" \/>\n<meta property=\"og:image\" content=\"http:\/\/montecarloliving.com\/wp-content\/uploads\/2016\/09\/logo-montecarloliving.jpg\" \/>\n<meta name=\"twitter:card\" content=\"summary_large_image\" \/>\n<meta name=\"twitter:site\" content=\"@MonteCarloLivi\" \/>\n<meta name=\"twitter:label1\" content=\"Dur\u00e9e de lecture estim\u00e9e\" \/>\n\t<meta name=\"twitter:data1\" content=\"2 minutes\" \/>\n<script type=\"application\/ld+json\" class=\"yoast-schema-graph\">{\"@context\":\"https:\\\/\\\/schema.org\",\"@graph\":[{\"@type\":\"WebPage\",\"@id\":\"https:\\\/\\\/montecarloliving.com\\\/fr\\\/nous-sommes\\\/\",\"url\":\"https:\\\/\\\/montecarloliving.com\\\/fr\\\/nous-sommes\\\/\",\"name\":\"Qui Nous Sommes\",\"isPartOf\":{\"@id\":\"https:\\\/\\\/montecarloliving.com\\\/fr\\\/#website\"},\"primaryImageOfPage\":{\"@id\":\"https:\\\/\\\/montecarloliving.com\\\/fr\\\/nous-sommes\\\/#primaryimage\"},\"image\":{\"@id\":\"https:\\\/\\\/montecarloliving.com\\\/fr\\\/nous-sommes\\\/#primaryimage\"},\"thumbnailUrl\":\"http:\\\/\\\/montecarloliving.com\\\/wp-content\\\/uploads\\\/2016\\\/09\\\/logo-montecarloliving.jpg\",\"datePublished\":\"2016-09-15T18:57:12+00:00\",\"dateModified\":\"2024-01-31T16:22:47+00:00\",\"description\":\"Monte Carlo Living informe chaque jour ses utilisateurs de ce qui se passe \u00e0 Monaco et sur toute la C\u00f4te d'Azur, avec simplicit\u00e9 et imm\u00e9diatet\u00e9. Nous\",\"breadcrumb\":{\"@id\":\"https:\\\/\\\/montecarloliving.com\\\/fr\\\/nous-sommes\\\/#breadcrumb\"},\"inLanguage\":\"fr-FR\",\"potentialAction\":[{\"@type\":\"ReadAction\",\"target\":[\"https:\\\/\\\/montecarloliving.com\\\/fr\\\/nous-sommes\\\/\"]}]},{\"@type\":\"ImageObject\",\"inLanguage\":\"fr-FR\",\"@id\":\"https:\\\/\\\/montecarloliving.com\\\/fr\\\/nous-sommes\\\/#primaryimage\",\"url\":\"http:\\\/\\\/montecarloliving.com\\\/wp-content\\\/uploads\\\/2016\\\/09\\\/logo-montecarloliving.jpg\",\"contentUrl\":\"http:\\\/\\\/montecarloliving.com\\\/wp-content\\\/uploads\\\/2016\\\/09\\\/logo-montecarloliving.jpg\"},{\"@type\":\"BreadcrumbList\",\"@id\":\"https:\\\/\\\/montecarloliving.com\\\/fr\\\/nous-sommes\\\/#breadcrumb\",\"itemListElement\":[{\"@type\":\"ListItem\",\"position\":1,\"name\":\"Home\",\"item\":\"https:\\\/\\\/montecarloliving.com\\\/fr\\\/\"},{\"@type\":\"ListItem\",\"position\":2,\"name\":\"Qui Nous Sommes\"}]},{\"@type\":\"WebSite\",\"@id\":\"https:\\\/\\\/montecarloliving.com\\\/fr\\\/#website\",\"url\":\"https:\\\/\\\/montecarloliving.com\\\/fr\\\/\",\"name\":\"Montecarlo Living\",\"description\":\"News da Montecarlo - Principato di Monaco e Costa Azzurra\",\"potentialAction\":[{\"@type\":\"SearchAction\",\"target\":{\"@type\":\"EntryPoint\",\"urlTemplate\":\"https:\\\/\\\/montecarloliving.com\\\/fr\\\/?s={search_term_string}\"},\"query-input\":{\"@type\":\"PropertyValueSpecification\",\"valueRequired\":true,\"valueName\":\"search_term_string\"}}],\"inLanguage\":\"fr-FR\"}]}<\/script>\n<!-- \/ Yoast SEO plugin. -->","yoast_head_json":{"title":"Qui Nous Sommes","description":"Monte Carlo Living informe chaque jour ses utilisateurs de ce qui se passe \u00e0 Monaco et sur toute la C\u00f4te d'Azur, avec simplicit\u00e9 et imm\u00e9diatet\u00e9. Nous","robots":{"index":"index","follow":"follow","max-snippet":"max-snippet:-1","max-image-preview":"max-image-preview:large","max-video-preview":"max-video-preview:-1"},"canonical":"https:\/\/montecarloliving.com\/fr\/nous-sommes\/","og_locale":"fr_FR","og_title":"Qui Nous Sommes","og_description":"Monte Carlo Living informe chaque jour ses utilisateurs de ce qui se passe \u00e0 Monaco et sur toute la C\u00f4te d'Azur, avec simplicit\u00e9 et imm\u00e9diatet\u00e9. Nous","og_url":"https:\/\/montecarloliving.com\/fr\/nous-sommes\/","og_site_name":"Montecarlo Living","article_publisher":"https:\/\/www.facebook.com\/montecarlolivingcom\/","article_modified_time":"2024-01-31T16:22:47+00:00","og_image":[{"url":"http:\/\/montecarloliving.com\/wp-content\/uploads\/2016\/09\/logo-montecarloliving.jpg","type":"","width":"","height":""}],"twitter_card":"summary_large_image","twitter_site":"@MonteCarloLivi","twitter_misc":{"Dur\u00e9e de lecture estim\u00e9e":"2 minutes"},"schema":{"@context":"https:\/\/schema.org","@graph":[{"@type":"WebPage","@id":"https:\/\/montecarloliving.com\/fr\/nous-sommes\/","url":"https:\/\/montecarloliving.com\/fr\/nous-sommes\/","name":"Qui Nous Sommes","isPartOf":{"@id":"https:\/\/montecarloliving.com\/fr\/#website"},"primaryImageOfPage":{"@id":"https:\/\/montecarloliving.com\/fr\/nous-sommes\/#primaryimage"},"image":{"@id":"https:\/\/montecarloliving.com\/fr\/nous-sommes\/#primaryimage"},"thumbnailUrl":"http:\/\/montecarloliving.com\/wp-content\/uploads\/2016\/09\/logo-montecarloliving.jpg","datePublished":"2016-09-15T18:57:12+00:00","dateModified":"2024-01-31T16:22:47+00:00","description":"Monte Carlo Living informe chaque jour ses utilisateurs de ce qui se passe \u00e0 Monaco et sur toute la C\u00f4te d'Azur, avec simplicit\u00e9 et imm\u00e9diatet\u00e9. Nous","breadcrumb":{"@id":"https:\/\/montecarloliving.com\/fr\/nous-sommes\/#breadcrumb"},"inLanguage":"fr-FR","potentialAction":[{"@type":"ReadAction","target":["https:\/\/montecarloliving.com\/fr\/nous-sommes\/"]}]},{"@type":"ImageObject","inLanguage":"fr-FR","@id":"https:\/\/montecarloliving.com\/fr\/nous-sommes\/#primaryimage","url":"http:\/\/montecarloliving.com\/wp-content\/uploads\/2016\/09\/logo-montecarloliving.jpg","contentUrl":"http:\/\/montecarloliving.com\/wp-content\/uploads\/2016\/09\/logo-montecarloliving.jpg"},{"@type":"BreadcrumbList","@id":"https:\/\/montecarloliving.com\/fr\/nous-sommes\/#breadcrumb","itemListElement":[{"@type":"ListItem","position":1,"name":"Home","item":"https:\/\/montecarloliving.com\/fr\/"},{"@type":"ListItem","position":2,"name":"Qui Nous Sommes"}]},{"@type":"WebSite","@id":"https:\/\/montecarloliving.com\/fr\/#website","url":"https:\/\/montecarloliving.com\/fr\/","name":"Montecarlo Living","description":"News da Montecarlo - Principato di Monaco e Costa Azzurra","potentialAction":[{"@type":"SearchAction","target":{"@type":"EntryPoint","urlTemplate":"https:\/\/montecarloliving.com\/fr\/?s={search_term_string}"},"query-input":{"@type":"PropertyValueSpecification","valueRequired":true,"valueName":"search_term_string"}}],"inLanguage":"fr-FR"}]}},"_links":{"self":[{"href":"https:\/\/montecarloliving.com\/fr\/wp-json\/wp\/v2\/pages\/4652","targetHints":{"allow":["GET"]}}],"collection":[{"href":"https:\/\/montecarloliving.com\/fr\/wp-json\/wp\/v2\/pages"}],"about":[{"href":"https:\/\/montecarloliving.com\/fr\/wp-json\/wp\/v2\/types\/page"}],"author":[{"embeddable":true,"href":"https:\/\/montecarloliving.com\/fr\/wp-json\/wp\/v2\/users\/1"}],"replies":[{"embeddable":true,"href":"https:\/\/montecarloliving.com\/fr\/wp-json\/wp\/v2\/comments?post=4652"}],"version-history":[{"count":4,"href":"https:\/\/montecarloliving.com\/fr\/wp-json\/wp\/v2\/pages\/4652\/revisions"}],"predecessor-version":[{"id":7223,"href":"https:\/\/montecarloliving.com\/fr\/wp-json\/wp\/v2\/pages\/4652\/revisions\/7223"}],"wp:attachment":[{"href":"https:\/\/montecarloliving.com\/fr\/wp-json\/wp\/v2\/media?parent=4652"}],"curies":[{"name":"wp","href":"https:\/\/api.w.org\/{rel}","templated":true}]}}